{"id":5681,"date":"2022-11-21T11:35:45","date_gmt":"2022-11-21T10:35:45","guid":{"rendered":"http:\/\/artmaquin.com\/artmaquin\/?page_id=5681"},"modified":"2023-03-08T10:52:09","modified_gmt":"2023-03-08T09:52:09","slug":"mentions-legales","status":"publish","type":"page","link":"http:\/\/artmaquin.com\/artmaquin\/mentions-legales\/","title":{"rendered":"Mentions l\u00e9gales"},"content":{"rendered":"\t\t<div data-elementor-type=\"wp-page\" data-elementor-id=\"5681\" class=\"elementor elementor-5681\">\n\t\t\t\t\t\t\t\t\t<section class=\"elementor-section elementor-top-section elementor-element elementor-element-c1cfa10 elementor-section-boxed elementor-section-height-default elementor-section-height-default\" data-id=\"c1cfa10\" data-element_type=\"section\">\n\t\t\t\t\t\t<div class=\"elementor-container elementor-column-gap-default\">\n\t\t\t\t\t<div class=\"elementor-column elementor-col-100 elementor-top-column elementor-element elementor-element-a6bc829\" data-id=\"a6bc829\" data-element_type=\"column\">\n\t\t\t<div class=\"elementor-widget-wrap elementor-element-populated\">\n\t\t\t\t\t\t\t\t<div class=\"elementor-element elementor-element-e23ada6 elementor-widget elementor-widget-heading\" data-id=\"e23ada6\" data-element_type=\"widget\" data-widget_type=\"heading.default\">\n\t\t\t\t<div class=\"elementor-widget-container\">\n\t\t\t<style>\/*! elementor - v3.17.0 - 25-10-2023 *\/\n.elementor-heading-title{padding:0;margin:0;line-height:1}.elementor-widget-heading .elementor-heading-title[class*=elementor-size-]>a{color:inherit;font-size:inherit;line-height:inherit}.elementor-widget-heading .elementor-heading-title.elementor-size-small{font-size:15px}.elementor-widget-heading .elementor-heading-title.elementor-size-medium{font-size:19px}.elementor-widget-heading .elementor-heading-title.elementor-size-large{font-size:29px}.elementor-widget-heading .elementor-heading-title.elementor-size-xl{font-size:39px}.elementor-widget-heading .elementor-heading-title.elementor-size-xxl{font-size:59px}<\/style><h1 class=\"elementor-heading-title elementor-size-default\">Mentions l\u00e9gales<\/h1>\t\t<\/div>\n\t\t\t\t<\/div>\n\t\t\t\t<div class=\"elementor-element elementor-element-39796c3 elementor-widget-divider--view-line elementor-widget elementor-widget-divider\" data-id=\"39796c3\" data-element_type=\"widget\" data-widget_type=\"divider.default\">\n\t\t\t\t<div class=\"elementor-widget-container\">\n\t\t\t<style>\/*! elementor - v3.17.0 - 25-10-2023 *\/\n.elementor-widget-divider{--divider-border-style:none;--divider-border-width:1px;--divider-color:#0c0d0e;--divider-icon-size:20px;--divider-element-spacing:10px;--divider-pattern-height:24px;--divider-pattern-size:20px;--divider-pattern-url:none;--divider-pattern-repeat:repeat-x}.elementor-widget-divider .elementor-divider{display:flex}.elementor-widget-divider .elementor-divider__text{font-size:15px;line-height:1;max-width:95%}.elementor-widget-divider .elementor-divider__element{margin:0 var(--divider-element-spacing);flex-shrink:0}.elementor-widget-divider .elementor-icon{font-size:var(--divider-icon-size)}.elementor-widget-divider .elementor-divider-separator{display:flex;margin:0;direction:ltr}.elementor-widget-divider--view-line_icon .elementor-divider-separator,.elementor-widget-divider--view-line_text .elementor-divider-separator{align-items:center}.elementor-widget-divider--view-line_icon .elementor-divider-separator:after,.elementor-widget-divider--view-line_icon .elementor-divider-separator:before,.elementor-widget-divider--view-line_text .elementor-divider-separator:after,.elementor-widget-divider--view-line_text .elementor-divider-separator:before{display:block;content:\"\";border-bottom:0;flex-grow:1;border-top:var(--divider-border-width) var(--divider-border-style) var(--divider-color)}.elementor-widget-divider--element-align-left .elementor-divider .elementor-divider-separator>.elementor-divider__svg:first-of-type{flex-grow:0;flex-shrink:100}.elementor-widget-divider--element-align-left .elementor-divider-separator:before{content:none}.elementor-widget-divider--element-align-left .elementor-divider__element{margin-left:0}.elementor-widget-divider--element-align-right .elementor-divider .elementor-divider-separator>.elementor-divider__svg:last-of-type{flex-grow:0;flex-shrink:100}.elementor-widget-divider--element-align-right .elementor-divider-separator:after{content:none}.elementor-widget-divider--element-align-right .elementor-divider__element{margin-right:0}.elementor-widget-divider:not(.elementor-widget-divider--view-line_text):not(.elementor-widget-divider--view-line_icon) .elementor-divider-separator{border-top:var(--divider-border-width) var(--divider-border-style) var(--divider-color)}.elementor-widget-divider--separator-type-pattern{--divider-border-style:none}.elementor-widget-divider--separator-type-pattern.elementor-widget-divider--view-line .elementor-divider-separator,.elementor-widget-divider--separator-type-pattern:not(.elementor-widget-divider--view-line) .elementor-divider-separator:after,.elementor-widget-divider--separator-type-pattern:not(.elementor-widget-divider--view-line) .elementor-divider-separator:before,.elementor-widget-divider--separator-type-pattern:not([class*=elementor-widget-divider--view]) .elementor-divider-separator{width:100%;min-height:var(--divider-pattern-height);-webkit-mask-size:var(--divider-pattern-size) 100%;mask-size:var(--divider-pattern-size) 100%;-webkit-mask-repeat:var(--divider-pattern-repeat);mask-repeat:var(--divider-pattern-repeat);background-color:var(--divider-color);-webkit-mask-image:var(--divider-pattern-url);mask-image:var(--divider-pattern-url)}.elementor-widget-divider--no-spacing{--divider-pattern-size:auto}.elementor-widget-divider--bg-round{--divider-pattern-repeat:round}.rtl .elementor-widget-divider .elementor-divider__text{direction:rtl}.e-con-inner>.elementor-widget-divider,.e-con>.elementor-widget-divider{width:var(--container-widget-width,100%);--flex-grow:var(--container-widget-flex-grow)}<\/style>\t\t<div class=\"elementor-divider\">\n\t\t\t<span class=\"elementor-divider-separator\">\n\t\t\t\t\t\t<\/span>\n\t\t<\/div>\n\t\t\t\t<\/div>\n\t\t\t\t<\/div>\n\t\t\t\t<div class=\"elementor-element elementor-element-a4c0f07 elementor-widget elementor-widget-text-editor\" data-id=\"a4c0f07\" data-element_type=\"widget\" data-widget_type=\"text-editor.default\">\n\t\t\t\t<div class=\"elementor-widget-container\">\n\t\t\t<style>\/*! elementor - v3.17.0 - 25-10-2023 *\/\n.elementor-widget-text-editor.elementor-drop-cap-view-stacked .elementor-drop-cap{background-color:#69727d;color:#fff}.elementor-widget-text-editor.elementor-drop-cap-view-framed .elementor-drop-cap{color:#69727d;border:3px solid;background-color:transparent}.elementor-widget-text-editor:not(.elementor-drop-cap-view-default) .elementor-drop-cap{margin-top:8px}.elementor-widget-text-editor:not(.elementor-drop-cap-view-default) .elementor-drop-cap-letter{width:1em;height:1em}.elementor-widget-text-editor .elementor-drop-cap{float:left;text-align:center;line-height:1;font-size:50px}.elementor-widget-text-editor .elementor-drop-cap-letter{display:inline-block}<\/style>\t\t\t\t<p><strong>\u00c9dition \/ publication du site :<\/strong><br \/>MPO M\u00e9canique de Pr\u00e9cision, de l&rsquo;Orl\u00e9anais &#8211; Groupe Castingpar<br \/>108, rue du Petit Hameau \u2013 45110 Ch\u00e2teauneuf-sur-Loire<br \/>EMAIL : mpo45@mpo45.fr<br \/>TEL : 02 38 58 44 77<br \/>FAX : 02 38 58 98 86<br \/>SIRET : 086580636 00016<br \/>Directeur de la publication : Jean-Bernard Chevalier<\/p><p><strong>Conception \/ R\u00e9alisation du site :<\/strong><br \/>Artmaquin Software<br \/>Si\u00e8ge social : 6, place de l&rsquo;\u00e9glise &#8211; 45450 Donnery.<br \/><a href=\"http:\/\/www.artmaquin.com\">www.artmaquin.com<\/a><\/p><p><strong>H\u00e9bergement du site :<\/strong><br \/>OVH<br \/>RCS Lille M\u00e9tropole 424 761 419 00045<br \/>Si\u00e8ge social : 2 rue Kellermann \u2013 59100 Roubaix \u2013 France<\/p><p><strong>Conditions d\u2019utilisation du site :<\/strong><br \/>MPO M\u00e9canique de Pr\u00e9cision, de l&rsquo;Orl\u00e9anais fournit ses services sous r\u00e9serve que vous vous engagiez \u00e0 respecter les pr\u00e9sentes conditions d\u2019utilisation que MPO M\u00e9canique de Pr\u00e9cision de l&rsquo;Orl\u00e9anais sera libre de modifier \u00e0 tout moment.<\/p><p><strong>Propri\u00e9t\u00e9 intellectuelle :<\/strong><br \/>En accord avec les lois r\u00e9gissant la propri\u00e9t\u00e9 intellectuelle, la reproduction ou l\u2019utilisation des \u00e9l\u00e9ments se trouvant dans ce site Internet, en totalit\u00e9 ou en partie est strictement interdite. Seules sont maintenues les exceptions l\u00e9gales dont notamment la repr\u00e9sentation dans le cadre du cercle de famille, la copie priv\u00e9e ou le droit de courte citation.<br \/>Ainsi, tous les textes, photos, logos, marques et autres \u00e9l\u00e9ments reproduits sur ce site sont r\u00e9serv\u00e9s et prot\u00e9g\u00e9s par le droit de la propri\u00e9t\u00e9 intellectuelle. (Droit auteur, droit voisin, droit des marques\u2026).<br \/>Toute repr\u00e9sentation totale ou partielle de ce site par quelque proc\u00e9d\u00e9 que ce soit, sans l\u2019autorisation expresse de l\u2019exploitant du site Internet est interdite et constituerait une contrefa\u00e7on sanctionn\u00e9e par les articles L 335-2 et suivants du Code de la propri\u00e9t\u00e9 intellectuelle.<br \/>Il en est de m\u00eame des \u00e9ventuelles bases de donn\u00e9es figurant sur le site Internet qui sont prot\u00e9g\u00e9es par les dispositions de la loi du 11 juillet 1998 portant transposition dans le Code de la propri\u00e9t\u00e9 intellectuelle (CPI) de la directive europ\u00e9enne du 11 mars 1996 relative \u00e0 la protection juridique des bases de donn\u00e9es.<\/p><p><strong>Respect de la vie priv\u00e9e et des donn\u00e9es personnelles :<\/strong><br \/>Les donn\u00e9es sont collect\u00e9es dans le but exclusif d\u2019\u00e9tablir une relation commerciale et professionnelle avec les clients. Les donn\u00e9es \u00e0 caract\u00e8re personnel sont conserv\u00e9es par MPO M\u00e9canique de Pr\u00e9cision de l&rsquo;Orl\u00e9anais\u00a0 pendant une p\u00e9riode raisonnable. Si la personne ne fournit pas toutes les informations demand\u00e9es de mani\u00e8re obligatoire dans les formulaires du site (*Champs obligatoires), il ne peut valider le formulaire et ne peut donc pas rentrer en contact avec MPO M\u00e9canique de Pr\u00e9cision de l&rsquo;Orl\u00e9anais. Les donn\u00e9es r\u00e9colt\u00e9es sont destin\u00e9es aux services commerciaux de MPO M\u00e9canique de Pr\u00e9cision de l&rsquo;Orl\u00e9anais et de ses partenaires \u00e9tablis dans et\/ou en dehors de l\u2019Union europ\u00e9enne.<\/p><p><strong>Avis relatif \u00e0 la s\u00e9curit\u00e9 :<\/strong><br \/>Afin d\u2019assurer sa s\u00e9curit\u00e9 et de garantir son acc\u00e8s \u00e0 tous, ce site Internet emploie des logiciels pour contr\u00f4ler les flux sur le site, pour identifier les tentatives non autoris\u00e9es de connexion ou de changement de l\u2019information, ou toute autre initiative pouvant causer d\u2019autres dommages. Les tentatives non autoris\u00e9es de chargement d\u2019information, d\u2019alt\u00e9ration des informations, visant \u00e0 causer un dommage et d\u2019une mani\u00e8re g\u00e9n\u00e9rale toute atteinte \u00e0 la disponibilit\u00e9 et l\u2019int\u00e9grit\u00e9 de ce site sont strictement interdites et seront sanctionn\u00e9es par le code p\u00e9nal. Ainsi l\u2019article 323-1 du code p\u00e9nal pr\u00e9voit que le fait d\u2019acc\u00e9der ou de se maintenir frauduleusement, dans tout ou partie d\u2019un syst\u00e8me de traitement automatis\u00e9 de donn\u00e9es (c\u2019est le cas d\u2019un site Internet) est puni de deux ans d\u2019emprisonnement et de 30 000 Euros d\u2019amende. L\u2019article 323-3 du m\u00eame code pr\u00e9voit que le fait d\u2019introduire frauduleusement des donn\u00e9es dans un syst\u00e8me de traitement automatis\u00e9 ou de supprimer ou de modifier frauduleusement les donn\u00e9es qu\u2019il contient est puni de cinq ans d\u2019emprisonnement et de 75000 Euros d\u2019amende.<\/p><p><strong>Les cookies :<\/strong><br \/>Ce site utilise des cookies. Les cookies sont de petits fichiers texte contenant des informations permettant d\u2019identifier les visiteurs r\u00e9currents pour la dur\u00e9e de leur visite sur notre site. Les cookies sont enregistr\u00e9s sur le disque dur de votre ordinateur et n\u2019y causent aucun dommage. Ils nous permettent d\u2019augmenter la convivialit\u00e9 du site, d\u2019adapter pr\u00e9cis\u00e9ment les contenus \u00e0 vos besoins et donc d\u2019am\u00e9liorer notre service. Les cookies servent \u00e9galement \u00e0 v\u00e9rifier si votre ordinateur a d\u00e9j\u00e0 \u00e9t\u00e9 connect\u00e9 \u00e0 nos pages. Seul le cookie enregistr\u00e9 sur votre ordinateur est alors identifi\u00e9. Si vous avez donn\u00e9 votre accord, des donn\u00e9es personnelles seront enregistr\u00e9es sous la forme de cookies, par exemple pour faciliter l\u2019acc\u00e8s s\u00e9curis\u00e9 \u00e0 notre site en \u00e9vitant la saisie \u00e0 r\u00e9p\u00e9tition de votre identifiant et mot de passe.<br \/>Les cookies du site ne contiennent pas de donn\u00e9es permettant de vous identifier personnellement, et ils sont con\u00e7us pour \u00eatre utilis\u00e9s uniquement par MPO M\u00e9canique de Pr\u00e9cision de l&rsquo;Orl\u00e9anais.<br \/>Nous vous informons que vous pouvez vous opposer \u00e0 l\u2019enregistrement de ces \u00ab cookies \u00bb en utilisant une option de configuration de votre navigateur, modalit\u00e9s d\u00e9taill\u00e9es sur le site https:\/\/www.cnil.fr.<\/p><p><strong>Responsabilit\u00e9 :<\/strong><br \/>MPO M\u00e9canique de Pr\u00e9cision de l&rsquo;Orl\u00e9anais d\u00e9cline toute responsabilit\u00e9 pour les difficult\u00e9s rencontr\u00e9es lors de l\u2019acc\u00e8s \u00e0 son site ou pour toute d\u00e9faillance de communication.<br \/>MPO M\u00e9canique de Pr\u00e9cision de l&rsquo;Orl\u00e9anais se r\u00e9serve la possibilit\u00e9 de modifier, d\u2019interrompre temporairement ou de fa\u00e7on permanente, toute ou une partie du site, sans pr\u00e9avis. MPO M\u00e9canique de Pr\u00e9cision de l&rsquo;Orl\u00e9anais ne pourra en aucun cas \u00eatre tenu pour responsable \u00e0 votre encontre ou \u00e0 l\u2019encontre d\u2019un tiers de toute modification, interruption ou suspension du site.<\/p><p><strong>Liens vers d\u2019autres sites :<\/strong><br \/>MPO M\u00e9canique de Pr\u00e9cision de l&rsquo;Orl\u00e9anais propose sur son site https:\/\/mpo45.fr des liens vers des sites tiers.<br \/>MPO M\u00e9canique de Pr\u00e9cision de l&rsquo;Orl\u00e9anais ne pourra \u00eatre tenu responsable du contenu de ces sites et de l\u2019usage qui pourra en \u00eatre fait par les utilisateurs.<\/p>\t\t\t\t\t\t<\/div>\n\t\t\t\t<\/div>\n\t\t\t\t\t<\/div>\n\t\t<\/div>\n\t\t\t\t\t\t\t<\/div>\n\t\t<\/section>\n\t\t\t\t\t\t\t<\/div>\n\t\t","protected":false},"excerpt":{"rendered":"<p>Mentions l\u00e9gales \u00c9dition \/ publication du site :MPO M\u00e9canique de Pr\u00e9cision, de l&rsquo;Orl\u00e9anais &#8211; Groupe Castingpar108, rue du Petit Hameau \u2013 45110 Ch\u00e2teauneuf-sur-LoireEMAIL : mpo45@mpo45.frTEL [&hellip;]<\/p>\n","protected":false},"author":1,"featured_media":0,"parent":0,"menu_order":0,"comment_status":"closed","ping_status":"closed","template":"","meta":{"_themeisle_gutenberg_block_has_review":false},"_links":{"self":[{"href":"http:\/\/artmaquin.com\/artmaquin\/wp-json\/wp\/v2\/pages\/5681"}],"collection":[{"href":"http:\/\/artmaquin.com\/artmaquin\/wp-json\/wp\/v2\/pages"}],"about":[{"href":"http:\/\/artmaquin.com\/artmaquin\/wp-json\/wp\/v2\/types\/page"}],"author":[{"embeddable":true,"href":"http:\/\/artmaquin.com\/artmaquin\/wp-json\/wp\/v2\/users\/1"}],"replies":[{"embeddable":true,"href":"http:\/\/artmaquin.com\/artmaquin\/wp-json\/wp\/v2\/comments?post=5681"}],"version-history":[{"count":23,"href":"http:\/\/artmaquin.com\/artmaquin\/wp-json\/wp\/v2\/pages\/5681\/revisions"}],"predecessor-version":[{"id":9095,"href":"http:\/\/artmaquin.com\/artmaquin\/wp-json\/wp\/v2\/pages\/5681\/revisions\/9095"}],"wp:attachment":[{"href":"http:\/\/artmaquin.com\/artmaquin\/wp-json\/wp\/v2\/media?parent=5681"}],"curies":[{"name":"wp","href":"https:\/\/api.w.org\/{rel}","templated":true}]}}